{"id":107,"date":"2025-04-15T15:58:54","date_gmt":"2025-04-15T13:58:54","guid":{"rendered":"https:\/\/vistaformentera.es\/home\/"},"modified":"2025-04-17T16:47:11","modified_gmt":"2025-04-17T14:47:11","slug":"home","status":"publish","type":"page","link":"https:\/\/vistaformentera.es\/es\/","title":{"rendered":"Home"},"content":{"rendered":"","protected":false},"excerpt":{"rendered":"","protected":false},"author":2,"featured_media":0,"parent":0,"menu_order":0,"comment_status":"closed","ping_status":"closed","template":"templates\/homepage.php","meta":{"_acf_changed":false,"footnotes":""},"class_list":["post-107","page","type-page","status-publish","hentry"],"acf":[],"yoast_head":"<!-- This site is optimized with the Yoast SEO plugin v24.9 - https:\/\/yoast.com\/wordpress\/plugins\/seo\/ -->\r\n<title>Home - Vista Formentera<\/title>\r\n<meta name=\"description\" content=\"Fine pizza, vistas a Formentera. Pizzas finas, con borde crujiente, ligeras y digeribles, acompa\u00f1adas de una cocina marinera fresca y creativa. Una mezcla perfecta de sabor italiano y ambiente mediterr\u00e1neo, con una vista que te dejar\u00e1 sin palabras.\" \/>\r\n<meta name=\"robots\" content=\"index, follow, max-snippet:-1, max-image-preview:large, max-video-preview:-1\" \/>\r\n<link rel=\"canonical\" href=\"https:\/\/vistaformentera.es\/es\/\" \/>\r\n<meta property=\"og:locale\" content=\"es_ES\" \/>\r\n<meta property=\"og:type\" content=\"article\" \/>\r\n<meta property=\"og:title\" content=\"Home - Vista Formentera\" \/>\r\n<meta property=\"og:description\" content=\"Fine pizza, vistas a Formentera. Pizzas finas, con borde crujiente, ligeras y digeribles, acompa\u00f1adas de una cocina marinera fresca y creativa. Una mezcla perfecta de sabor italiano y ambiente mediterr\u00e1neo, con una vista que te dejar\u00e1 sin palabras.\" \/>\r\n<meta property=\"og:url\" content=\"https:\/\/vistaformentera.es\/es\/\" \/>\r\n<meta property=\"og:site_name\" content=\"Vista Formentera\" \/>\r\n<meta property=\"article:modified_time\" content=\"2025-04-17T14:47:11+00:00\" \/>\r\n<meta name=\"twitter:card\" content=\"summary_large_image\" \/>\r\n<script type=\"application\/ld+json\" class=\"yoast-schema-graph\">{\"@context\":\"https:\/\/schema.org\",\"@graph\":[{\"@type\":\"WebPage\",\"@id\":\"https:\/\/vistaformentera.es\/es\/\",\"url\":\"https:\/\/vistaformentera.es\/es\/\",\"name\":\"Home - Vista Formentera\",\"isPartOf\":{\"@id\":\"https:\/\/vistaformentera.es\/es\/#website\"},\"datePublished\":\"2025-04-15T13:58:54+00:00\",\"dateModified\":\"2025-04-17T14:47:11+00:00\",\"description\":\"Fine pizza, vistas a Formentera. Pizzas finas, con borde crujiente, ligeras y digeribles, acompa\u00f1adas de una cocina marinera fresca y creativa. Una mezcla perfecta de sabor italiano y ambiente mediterr\u00e1neo, con una vista que te dejar\u00e1 sin palabras.\",\"breadcrumb\":{\"@id\":\"https:\/\/vistaformentera.es\/es\/#breadcrumb\"},\"inLanguage\":\"es\",\"potentialAction\":[{\"@type\":\"ReadAction\",\"target\":[\"https:\/\/vistaformentera.es\/es\/\"]}]},{\"@type\":\"BreadcrumbList\",\"@id\":\"https:\/\/vistaformentera.es\/es\/#breadcrumb\",\"itemListElement\":[{\"@type\":\"ListItem\",\"position\":1,\"name\":\"Home\",\"item\":\"https:\/\/vistaformentera.es\/es\/\"},{\"@type\":\"ListItem\",\"position\":2,\"name\":\"Home\"}]},{\"@type\":\"WebSite\",\"@id\":\"https:\/\/vistaformentera.es\/es\/#website\",\"url\":\"https:\/\/vistaformentera.es\/es\/\",\"name\":\"Vista Formentera\",\"description\":\"Cucina del mare, vista Formentera\",\"publisher\":{\"@id\":\"https:\/\/vistaformentera.es\/es\/#organization\"},\"potentialAction\":[{\"@type\":\"SearchAction\",\"target\":{\"@type\":\"EntryPoint\",\"urlTemplate\":\"https:\/\/vistaformentera.es\/es\/?s={search_term_string}\"},\"query-input\":{\"@type\":\"PropertyValueSpecification\",\"valueRequired\":true,\"valueName\":\"search_term_string\"}}],\"inLanguage\":\"es\"},{\"@type\":\"Organization\",\"@id\":\"https:\/\/vistaformentera.es\/es\/#organization\",\"name\":\"Vista Formentera\",\"url\":\"https:\/\/vistaformentera.es\/es\/\",\"logo\":{\"@type\":\"ImageObject\",\"inLanguage\":\"es\",\"@id\":\"https:\/\/vistaformentera.es\/es\/#\/schema\/logo\/image\/\",\"url\":\"https:\/\/vistaformentera.es\/wp-content\/uploads\/2026\/04\/cropped-vista-logo.png\",\"contentUrl\":\"https:\/\/vistaformentera.es\/wp-content\/uploads\/2026\/04\/cropped-vista-logo.png\",\"width\":612,\"height\":359,\"caption\":\"Vista Formentera\"},\"image\":{\"@id\":\"https:\/\/vistaformentera.es\/es\/#\/schema\/logo\/image\/\"}}]}<\/script>\r\n<!-- \/ Yoast SEO plugin. -->","yoast_head_json":{"title":"Home - Vista Formentera","description":"Fine pizza, vistas a Formentera. Pizzas finas, con borde crujiente, ligeras y digeribles, acompa\u00f1adas de una cocina marinera fresca y creativa. Una mezcla perfecta de sabor italiano y ambiente mediterr\u00e1neo, con una vista que te dejar\u00e1 sin palabras.","robots":{"index":"index","follow":"follow","max-snippet":"max-snippet:-1","max-image-preview":"max-image-preview:large","max-video-preview":"max-video-preview:-1"},"canonical":"https:\/\/vistaformentera.es\/es\/","og_locale":"es_ES","og_type":"article","og_title":"Home - Vista Formentera","og_description":"Fine pizza, vistas a Formentera. Pizzas finas, con borde crujiente, ligeras y digeribles, acompa\u00f1adas de una cocina marinera fresca y creativa. Una mezcla perfecta de sabor italiano y ambiente mediterr\u00e1neo, con una vista que te dejar\u00e1 sin palabras.","og_url":"https:\/\/vistaformentera.es\/es\/","og_site_name":"Vista Formentera","article_modified_time":"2025-04-17T14:47:11+00:00","twitter_card":"summary_large_image","schema":{"@context":"https:\/\/schema.org","@graph":[{"@type":"WebPage","@id":"https:\/\/vistaformentera.es\/es\/","url":"https:\/\/vistaformentera.es\/es\/","name":"Home - Vista Formentera","isPartOf":{"@id":"https:\/\/vistaformentera.es\/es\/#website"},"datePublished":"2025-04-15T13:58:54+00:00","dateModified":"2025-04-17T14:47:11+00:00","description":"Fine pizza, vistas a Formentera. Pizzas finas, con borde crujiente, ligeras y digeribles, acompa\u00f1adas de una cocina marinera fresca y creativa. Una mezcla perfecta de sabor italiano y ambiente mediterr\u00e1neo, con una vista que te dejar\u00e1 sin palabras.","breadcrumb":{"@id":"https:\/\/vistaformentera.es\/es\/#breadcrumb"},"inLanguage":"es","potentialAction":[{"@type":"ReadAction","target":["https:\/\/vistaformentera.es\/es\/"]}]},{"@type":"BreadcrumbList","@id":"https:\/\/vistaformentera.es\/es\/#breadcrumb","itemListElement":[{"@type":"ListItem","position":1,"name":"Home","item":"https:\/\/vistaformentera.es\/es\/"},{"@type":"ListItem","position":2,"name":"Home"}]},{"@type":"WebSite","@id":"https:\/\/vistaformentera.es\/es\/#website","url":"https:\/\/vistaformentera.es\/es\/","name":"Vista Formentera","description":"Cucina del mare, vista Formentera","publisher":{"@id":"https:\/\/vistaformentera.es\/es\/#organization"},"potentialAction":[{"@type":"SearchAction","target":{"@type":"EntryPoint","urlTemplate":"https:\/\/vistaformentera.es\/es\/?s={search_term_string}"},"query-input":{"@type":"PropertyValueSpecification","valueRequired":true,"valueName":"search_term_string"}}],"inLanguage":"es"},{"@type":"Organization","@id":"https:\/\/vistaformentera.es\/es\/#organization","name":"Vista Formentera","url":"https:\/\/vistaformentera.es\/es\/","logo":{"@type":"ImageObject","inLanguage":"es","@id":"https:\/\/vistaformentera.es\/es\/#\/schema\/logo\/image\/","url":"https:\/\/vistaformentera.es\/wp-content\/uploads\/2026\/04\/cropped-vista-logo.png","contentUrl":"https:\/\/vistaformentera.es\/wp-content\/uploads\/2026\/04\/cropped-vista-logo.png","width":612,"height":359,"caption":"Vista Formentera"},"image":{"@id":"https:\/\/vistaformentera.es\/es\/#\/schema\/logo\/image\/"}}]}},"_links":{"self":[{"href":"https:\/\/vistaformentera.es\/es\/wp-json\/wp\/v2\/pages\/107","targetHints":{"allow":["GET"]}}],"collection":[{"href":"https:\/\/vistaformentera.es\/es\/wp-json\/wp\/v2\/pages"}],"about":[{"href":"https:\/\/vistaformentera.es\/es\/wp-json\/wp\/v2\/types\/page"}],"author":[{"embeddable":true,"href":"https:\/\/vistaformentera.es\/es\/wp-json\/wp\/v2\/users\/2"}],"replies":[{"embeddable":true,"href":"https:\/\/vistaformentera.es\/es\/wp-json\/wp\/v2\/comments?post=107"}],"version-history":[{"count":2,"href":"https:\/\/vistaformentera.es\/es\/wp-json\/wp\/v2\/pages\/107\/revisions"}],"predecessor-version":[{"id":188,"href":"https:\/\/vistaformentera.es\/es\/wp-json\/wp\/v2\/pages\/107\/revisions\/188"}],"wp:attachment":[{"href":"https:\/\/vistaformentera.es\/es\/wp-json\/wp\/v2\/media?parent=107"}],"curies":[{"name":"wp","href":"https:\/\/api.w.org\/{rel}","templated":true}]}}